{"id":502,"date":"2023-01-02T15:47:17","date_gmt":"2023-01-02T15:47:17","guid":{"rendered":"https:\/\/www.theohohohs.de\/?page_id=502"},"modified":"2025-12-16T11:42:18","modified_gmt":"2025-12-16T11:42:18","slug":"classical-beatz-for-kids-veranstaltung","status":"publish","type":"page","link":"https:\/\/www.theohohohs.de\/en\/classical-beatz-for-kids-veranstaltung\/","title":{"rendered":"Classical Beatz for Kids"},"content":{"rendered":"","protected":false},"excerpt":{"rendered":"","protected":false},"author":1,"featured_media":0,"parent":0,"menu_order":3,"comment_status":"closed","ping_status":"closed","template":"","meta":[],"class_list":["post-502","page","type-page","status-publish","hentry"],"grid":"{\r\n  \"colCount\": 12,\r\n  \"colGutter\": 1,\r\n  \"rowGutters\": [\r\n    2,\r\n    2\r\n  ],\r\n  \"frameMargin\": 5,\r\n  \"leftFrameMargin\": 5,\r\n  \"rightFrameMargin\": 5,\r\n  \"topFrameMargin\": 7,\r\n  \"bottomFrameMargin\": 5,\r\n  \"rowAttrs\": [\r\n    {\r\n      \"relid\": 748\r\n    },\r\n    {\r\n      \"relid\": 4\r\n    },\r\n    {\r\n      \"relid\": 6\r\n    }\r\n  ],\r\n  \"bgColor\": null,\r\n  \"bgImage\": null,\r\n  \"cont\": [\r\n    {\r\n      \"type\": \"img\",\r\n      \"cont\": \"\/wp-content\/uploads\/2025\/12\/Classical_Beatz_breit.png\",\r\n      \"align\": \"top\",\r\n      \"row\": 0,\r\n      \"col\": 0,\r\n      \"colspan\": 12,\r\n      \"offsetx\": 0,\r\n      \"offsety\": 0,\r\n      \"spaceabove\": 0,\r\n      \"spacebelow\": 0,\r\n      \"yvel\": 1,\r\n      \"push\": 0,\r\n      \"relid\": 749,\r\n      \"attid\": 834,\r\n      \"sizes\": {\r\n        \"full\": \"\/wp-content\/uploads\/2025\/12\/Classical_Beatz_breit.png\",\r\n        \"_1280\": \"\/wp-content\/uploads\/2025\/12\/Classical_Beatz_breit-1280x784.png\"\r\n      },\r\n      \"w\": 1632,\r\n      \"h\": 1000,\r\n      \"ar\": 0.6127450980392157,\r\n      \"alt\": \"\",\r\n      \"absolute_position\": false,\r\n      \"imagelink\": {\r\n        \"url\": \"https:\/\/www.adticket.de\/Classical-Beatz-For-Kids-Kindermitmachkonzerte\/Frankfurt-am-Main-Orangerie-im-Guenthersburgpark\/06-04-2025_15-30.html?utm_medium=referral&utm_source=dynamic&utm_campaign=dynamic-prom-lb-o&utm_content=3Oh!%20W%C3%A4ldele%20&Dre%C3%9Fler_GbR_%2825925%29=\",\r\n        \"id\": 0,\r\n        \"type\": \"\",\r\n        \"newtab\": false,\r\n        \"title\": \"\",\r\n        \"hoverimageid\": null,\r\n        \"hoverimagesmallsrc\": \"\"\r\n      },\r\n      \"textAnimation\": {\r\n        \"enableTextAnimation\": false\r\n      }\r\n    },\r\n    {\r\n      \"type\": \"text\",\r\n      \"cont\": \"<h1 class=\\\"_Menu\\\"><b><span data-contrast=\\\"auto\\\">THE OHOHOHS \u201eClassical Beatz for Kids\u201c - Kindermitmachkonzerte<\/span><\/b><span data-ccp-props=\\\"{}\\\">\u00a0<\/span><\/h1><p><span data-contrast=\\\"auto\\\">Konzert 1 f\u00fcr Altersgruppe 3-7 Jahre:<\/span><span data-ccp-props=\\\"{&quot;134233117&quot;:false,&quot;134233118&quot;:false,&quot;335559738&quot;:240,&quot;335559739&quot;:240}\\\">\u00a0<\/span><\/p><p><b><span data-contrast=\\\"auto\\\">Einlass um13:30 Uhr, Beginn um 14:00 Uhr<\/span><\/b><span data-ccp-props=\\\"{&quot;134233117&quot;:false,&quot;134233118&quot;:false,&quot;335559738&quot;:240,&quot;335559739&quot;:240}\\\">\u00a0<\/span><\/p><h1 class=\\\"_Menu\\\"><span style=\\\"color: #ff00ff;\\\"><a style=\\\"color: #ff00ff;\\\" rel=\\\"noopener\\\" href=\\\"https:\/\/www.adticket.de\/Classical-Beatz-For-Kids-Kindermitmachkonzerte\/Frankfurt-am-Main-Orangerie-im-Guenthersburgpark\/06-04-2025_14-00.html\\\" target=\\\"_blank\\\" data-id=\\\"0\\\">***TICKETS***<\/a><\/span><\/h1><p><span data-contrast=\\\"auto\\\">Konzert 2 f\u00fcr Altersgruppe 6-12 Jahre:<\/span><span data-ccp-props=\\\"{&quot;134233117&quot;:false,&quot;134233118&quot;:false,&quot;335559738&quot;:240,&quot;335559739&quot;:240}\\\">\u00a0<\/span><\/p><p><b><span data-contrast=\\\"auto\\\">Einlass um15:15 Uhr, Beginn um 15:30 Uhr<\/span><\/b><span data-ccp-props=\\\"{&quot;134233117&quot;:false,&quot;134233118&quot;:false,&quot;335559738&quot;:240,&quot;335559739&quot;:240}\\\">\u00a0<\/span><\/p><h1 class=\\\"_Menu\\\"><a rel=\\\"noopener\\\" href=\\\"https:\/\/www.adticket.de\/Classical-Beatz-For-Kids-Kindermitmachkonzerte\/Frankfurt-am-Main-Orangerie-im-Guenthersburgpark\/06-04-2025_15-30.html?utm_medium=referral&amp;utm_source=dynamic&amp;utm_campaign=dynamic-prom-lb-o&amp;utm_content=3Oh!%20W%C3%A4ldele%20&amp;Dre%C3%9Fler_GbR_%2825925%29=\\\" target=\\\"_blank\\\"><span><span style=\\\"color: #ff00ff;\\\">***TICKETS***<\/span><\/span><\/a><\/h1><p><span data-contrast=\\\"auto\\\">\u201eClassical Beatz for Kids\u201c ist eine f\u00fcr das famili\u00e4re Musikerlebnis konzipierte Konzertreihe des freien Ensembles \u201cTHE OHOHOHS\u201d aus Frankfurt am Main. Ein Konzertfl\u00fcgel steht einem Schlagzeug gegen\u00fcber, klassische Musik trifft auf zeitgen\u00f6ssische Beats \u2013 aufregend f\u00fcr alle Altersklassen. F\u00fcr Kinder und Eltern sind die Konzerte Treffpunkte und Orte des gemeinsamen Erlebens. Durch das Teilen gleicher Interessen und das Entdecken von Musik wird Freude geweckt und werden neue Freund*innen gefunden. Die kleinen wie gro\u00dfen Zuh\u00f6rer*innen werden angesprochen und in die Musik mit einbezogen.<\/span><span data-ccp-props=\\\"{}\\\">\u00a0<\/span><\/p><p><span data-contrast=\\\"auto\\\">THE OHOHOHS besch\u00e4ftigen sich seit langem mit der Lebendigkeit von Klassischer Musik und deren Verbindung mit zeitgen\u00f6ssischen Rhythmen. Doch ist der Zugang zu dieser wundervollen Kunstmusik, \u00fcber die Jahre immer schwieriger geworden, sodass Klassik im Alltag kaum noch stattfindet. \u00dcber 400 Jahre Musikgeschichte sind in einer Blase gefangen, die nur f\u00fcr einen kleinen, elit\u00e4ren, besonders kulturaffinen Kreis zug\u00e4nglich scheint. Weltweit ist Deutschland f\u00fcr seine klassischen Komponisten ber\u00fchmt und dennoch, viele junge Menschen haben heutzutage von Bach, Beethoven, Brahms und Haydn nie etwas geh\u00f6rt. Bei \u201eClassical Beatz for Kids\u201c wir das ge\u00e4ndert!<\/span><span data-ccp-props=\\\"{}\\\">\u00a0<\/span><\/p><p><span data-contrast=\\\"auto\\\">Kann man Beethoven tanzen? Klassik geh\u00f6rt in den Konzertsaal, Clubmusik in die Diskos. Das eine ist Hochkultur, das andere bedient Instinkte. Mit dieser Vorstellung wollen THE OHOHOHS gr\u00fcndlich aufr\u00e4umen und mit ihrem Projekt zeigen, wie Musik den Menschen bewegt, wie die musikalischen Gef\u00fchle und Gedanken vergangener Zeiten noch heute Relevanz haben und sich in unseren Alltag integrieren lassen.\u00a0\u00a0\u00a0\u00a0<\/span><span data-ccp-props=\\\"{}\\\">\u00a0<\/span><\/p><p><span data-contrast=\\\"auto\\\">Das erste Konzert um 14:00 Uhr richtet sich an Kinder zwischen 3-7 Jahren und deren Familien. Das zweite Konzert des Tages um 15:30 Uhr ist f\u00fcr Kinder ab 6-12 Jahren und deren Familien geeignet.\u00a0<\/span><\/p><p><b><span data-contrast=\\\"auto\\\">Alle Infos:<\/span><\/b><span data-ccp-props=\\\"{}\\\">\u00a0<\/span><\/p><p><span data-contrast=\\\"auto\\\">Datum: <\/span><b><span data-contrast=\\\"auto\\\">Sonntag, 06.04.2025<\/span><\/b><span data-ccp-props=\\\"{&quot;134233117&quot;:false,&quot;134233118&quot;:false,&quot;335559738&quot;:0,&quot;335559739&quot;:240}\\\">\u00a0<\/span><\/p><p><span data-contrast=\\\"auto\\\">Konzert 1 f\u00fcr Altersgruppe 3-7 Jahre:<\/span><span data-ccp-props=\\\"{&quot;134233117&quot;:false,&quot;134233118&quot;:false,&quot;335559738&quot;:240,&quot;335559739&quot;:240}\\\">\u00a0<\/span><\/p><p><b><span data-contrast=\\\"auto\\\">Einlass um13:30 Uhr, Beginn um 14:00 Uhr<\/span><\/b><span data-ccp-props=\\\"{&quot;134233117&quot;:false,&quot;134233118&quot;:false,&quot;335559738&quot;:240,&quot;335559739&quot;:240}\\\">\u00a0<\/span><\/p><h1 class=\\\"_Menu\\\"><a rel=\\\"noopener\\\" href=\\\"https:\/\/www.adticket.de\/Classical-Beatz-For-Kids-Kindermitmachkonzerte\/Frankfurt-am-Main-Orangerie-im-Guenthersburgpark\/06-04-2025_14-00.html\\\" target=\\\"_blank\\\" data-id=\\\"0\\\"><span style=\\\"color: #ff00ff;\\\">***TICKETS***<\/span><\/a><\/h1><p><span data-contrast=\\\"auto\\\">Konzert 2 f\u00fcr Altersgruppe 6-12 Jahre:<\/span><span data-ccp-props=\\\"{&quot;134233117&quot;:false,&quot;134233118&quot;:false,&quot;335559738&quot;:240,&quot;335559739&quot;:240}\\\">\u00a0<\/span><\/p><p><b><span data-contrast=\\\"auto\\\">Einlass um15:15 Uhr, Beginn um 15:30 Uhr<\/span><\/b><span data-ccp-props=\\\"{&quot;134233117&quot;:false,&quot;134233118&quot;:false,&quot;335559738&quot;:240,&quot;335559739&quot;:240}\\\">\u00a0<\/span><\/p><h1 class=\\\"_Menu\\\"><a rel=\\\"noopener\\\" href=\\\"https:\/\/www.adticket.de\/Classical-Beatz-For-Kids-Kindermitmachkonzerte\/Frankfurt-am-Main-Orangerie-im-Guenthersburgpark\/06-04-2025_15-30.html?utm_medium=referral&amp;utm_source=dynamic&amp;utm_campaign=dynamic-prom-lb-o&amp;utm_content=3Oh!%20W%C3%A4ldele%20&amp;Dre%C3%9Fler_GbR_%2825925%29=\\\" target=\\\"_blank\\\"><span style=\\\"color: #ff00ff;\\\">***TICKETS***<\/span><\/a><\/h1><p><span data-contrast=\\\"auto\\\">Eintrittspreis (alle Preise Zzgl. Vvk.-Geb\u00fchr):\u00a0<\/span><span data-ccp-props=\\\"{&quot;134233117&quot;:false,&quot;134233118&quot;:false,&quot;335559738&quot;:240,&quot;335559739&quot;:240}\\\">\u00a0<\/span><\/p><p><span data-contrast=\\\"auto\\\">1 Kind + 1 Begleitperson <\/span><b><span data-contrast=\\\"auto\\\">24,50 \u20ac\u00a0<\/span><\/b><span data-ccp-props=\\\"{}\\\">\u00a0<\/span><\/p><p><span data-contrast=\\\"auto\\\">+ 1 weitere Begleitperson <\/span><b><span data-contrast=\\\"auto\\\">12,50 \u20ac<\/span><\/b><span data-ccp-props=\\\"{}\\\">\u00a0<\/span><\/p><p><span data-contrast=\\\"auto\\\">+ 1 weiteres Kinderticket <\/span><b><span data-contrast=\\\"auto\\\">8,50 \u20ac<\/span><\/b><span data-ccp-props=\\\"{}\\\">\u00a0<\/span><\/p><p>\u00a0<\/p>\",\r\n      \"align\": \"top\",\r\n      \"row\": 1,\r\n      \"col\": 0,\r\n      \"colspan\": 12,\r\n      \"offsetx\": 0,\r\n      \"offsety\": 0,\r\n      \"spaceabove\": 0,\r\n      \"spacebelow\": 0,\r\n      \"yvel\": 1,\r\n      \"push\": 0,\r\n      \"relid\": 5,\r\n      \"absolute_position\": false\r\n    },\r\n    {\r\n      \"type\": \"video\",\r\n      \"cont\": \"https:\/\/i.ytimg.com\/vi\/FOzIgpp0jVc\/hqdefault.jpg\",\r\n      \"align\": \"top\",\r\n      \"row\": 2,\r\n      \"col\": 0,\r\n      \"colspan\": 12,\r\n      \"offsetx\": 0,\r\n      \"offsety\": 0,\r\n      \"spaceabove\": 0,\r\n      \"spacebelow\": 0,\r\n      \"yvel\": 1,\r\n      \"push\": 0,\r\n      \"relid\": 7,\r\n      \"iframe\": \"<iframe width=\\\"200\\\" height=\\\"113\\\" src=\\\"\/\/www.youtube.com\/embed\/FOzIgpp0jVc?enablejsapi=1&wmode=transparent&autohide=1&iv_load_policy=3&modestbranding=1&rel=0&showinfo=0&showsearch=0?&theme=light&color=white\\\" frameborder=\\\"0\\\" allowfullscreen><\/iframe>\",\r\n      \"url\": \"https:\/\/www.youtube.com\/shorts\/FOzIgpp0jVc\",\r\n      \"w\": 200,\r\n      \"h\": 113,\r\n      \"ar\": 0.565,\r\n      \"absolute_position\": false,\r\n      \"frameOverflow\": \"\"\r\n    }\r\n  ]\r\n}","phonegrid":"","_links":{"self":[{"href":"https:\/\/www.theohohohs.de\/en\/wp-json\/wp\/v2\/pages\/502","targetHints":{"allow":["GET"]}}],"collection":[{"href":"https:\/\/www.theohohohs.de\/en\/wp-json\/wp\/v2\/pages"}],"about":[{"href":"https:\/\/www.theohohohs.de\/en\/wp-json\/wp\/v2\/types\/page"}],"author":[{"embeddable":true,"href":"https:\/\/www.theohohohs.de\/en\/wp-json\/wp\/v2\/users\/1"}],"replies":[{"embeddable":true,"href":"https:\/\/www.theohohohs.de\/en\/wp-json\/wp\/v2\/comments?post=502"}],"version-history":[{"count":0,"href":"https:\/\/www.theohohohs.de\/en\/wp-json\/wp\/v2\/pages\/502\/revisions"}],"wp:attachment":[{"href":"https:\/\/www.theohohohs.de\/en\/wp-json\/wp\/v2\/media?parent=502"}],"curies":[{"name":"wp","href":"https:\/\/api.w.org\/{rel}","templated":true}]}}