{"id":618,"date":"2024-02-29T08:44:43","date_gmt":"2024-02-29T08:44:43","guid":{"rendered":"https:\/\/www.theohohohs.de\/corona-sinfonie-zweiter-satz-copy\/"},"modified":"2024-04-10T13:43:55","modified_gmt":"2024-04-10T13:43:55","slug":"corona-sinfonie-pr-text","status":"publish","type":"page","link":"https:\/\/www.theohohohs.de\/de\/corona-sinfonie-pr-text\/","title":{"rendered":"Sinfonie Nr.1 &#8211; &#8222;Corona-Sinfonie&#8220;, PR-Text"},"content":{"rendered":"","protected":false},"excerpt":{"rendered":"","protected":false},"author":2,"featured_media":0,"parent":0,"menu_order":12,"comment_status":"closed","ping_status":"closed","template":"","meta":[],"class_list":["post-618","page","type-page","status-publish","hentry"],"grid":"{\r\n  \"colCount\": 12,\r\n  \"colGutter\": 1,\r\n  \"rowGutters\": [\r\n    3,\r\n    1.5,\r\n    2.5,\r\n    1.5,\r\n    1.5\r\n  ],\r\n  \"frameMargin\": 5,\r\n  \"topFrameMargin\": 2,\r\n  \"bottomFrameMargin\": 5,\r\n  \"rowAttrs\": [\r\n    {\r\n      \"relid\": 27\r\n    },\r\n    {\r\n      \"relid\": 37\r\n    },\r\n    {\r\n      \"relid\": 21\r\n    },\r\n    {\r\n      \"relid\": 2579\r\n    },\r\n    {\r\n      \"relid\": 640\r\n    },\r\n    {\r\n      \"relid\": 4\r\n    }\r\n  ],\r\n  \"bgColor\": \"#ffffff\",\r\n  \"cont\": [\r\n    {\r\n      \"type\": \"img\",\r\n      \"cont\": \"\/wp-content\/uploads\/2024\/02\/OHS_TheOhOhOhs-Pandemia_transparent.png\",\r\n      \"align\": \"top\",\r\n      \"row\": 0,\r\n      \"col\": 4,\r\n      \"colspan\": 4,\r\n      \"offsetx\": 0,\r\n      \"offsety\": 0,\r\n      \"spaceabove\": 0,\r\n      \"spacebelow\": 0,\r\n      \"yvel\": 1,\r\n      \"push\": 4,\r\n      \"relid\": 415,\r\n      \"attid\": 619,\r\n      \"sizes\": {\r\n        \"full\": \"\/wp-content\/uploads\/2024\/02\/OHS_TheOhOhOhs-Pandemia_transparent.png\",\r\n        \"_512\": \"\/wp-content\/uploads\/2024\/02\/OHS_TheOhOhOhs-Pandemia_transparent-512x512.png\",\r\n        \"_265\": \"\/wp-content\/uploads\/2024\/02\/OHS_TheOhOhOhs-Pandemia_transparent-265x265.png\"\r\n      },\r\n      \"w\": 567,\r\n      \"h\": 567,\r\n      \"ar\": 1,\r\n      \"alt\": \"\",\r\n      \"absolute_position\": false\r\n    },\r\n    {\r\n      \"type\": \"text\",\r\n      \"cont\": \"<h1 class=\\\"_Menu\\\"><strong>Sinfonie Nr.1 - \\\"Corona-Sinfonie\\\" PR-Text<br \/><\/strong><\/h1><p>\\\"So stelle ich mir den Besuch eines klassischen Konzerts vor 200 Jahren vor; ich wei\u00df nicht, was mich erwartet und werde von neuer, noch nie geh\u00f6rter Musik \u00fcberrascht.\\\" - so beschrieb Tamar Halperin das Klassik-Techno-Crossover des Duos THE OHOHOHs.<\/p><p>Und auch die Frankfurter Neue Presse l\u00e4sst das Lob nicht zu kurz kommen: \u00bbGrenzg\u00e4nger zwischen E- und U-Musik: The OhOhOhs erfinden konzertante Clubmusik.\u00ab<\/p><p>THE OHOHOHS - Wir geben der Klassik einen Beat!<\/p><p>Klassik geh\u00f6rt in den Konzertsaal, Clubmusik in die Discos, das eine ist Hochkultur, das andere bedient Instinkte -Mit dieser Vorstellung wollen die beiden gr\u00fcndlich aufr\u00e4umen: THE OHOHOHS machen Beethoven tanzbar, mischen Club-Banger mit Concerto und lassen den Konzertsaal zum Club und den Club zum Konzertsaal mutieren.<\/p><p>Vom Techno kommend, sind der Pianist Florian W\u00e4ldele und der Perkussionist Florian Dre\u00dfler den nicht gerade einfachen Weg gegangen, ihre elektronische Musik auf ein analoges Instrumentarium zu \u00fcbertragen und mit klassischer Musik zu verbinden: Die Konzertante Clubmusik war geboren!<\/p><p>In der anhaltenden \u201eKlassik-Krise\u201c der letzten Jahrzehnte soll der wunderbaren Musik der alten Meister ihr popul\u00e4rer Charakter wiedergeben werden, ohne sie dabei zu banalisieren - und das funktioniert: Bei dieser Musik wird der Bauch ebenso angesprochen wie der Kopf! Ihre Bearbeitung von Beethovens \u201eMondscheinsonate\u201c im \u201eTempo di Techno\u201c brachte sie damit bis ins ARD-Morgenmagazin.\u00a0<\/p><p>THE OHOHOHS spielen von Clubs bis zu Techno-Festivals wie der \u201eFusion\u201c oder auch auf Kunst -Festivals wie den \u201eKunstfestspielen Herrenhausen\u201c. Das letzte Highlight war die ausverkaufte Katharinenkirche in Frankfurt mit dem Orchesterprojekt: THE OHOHOHS \u2013 Symphonic und der Premiere der \u201eSinfonie Nr.1 \u2013 Corona Sinfonie\u201c - der weltweit ersten Sinfonie mit Clubbeats und Synthesizern!<\/p><p>Mit Orchester sind die beiden im Herbst 2024 auf Tour - begleitend zum Release der Sinfonie (Start V\u00d6 Singles-Online 23.02.24, Vinyl V\u00d6 26.04.2024).<\/p><p>Mit insgesamt \u00fcber 8.000 Follower:innen und fast 50.000 Spotify-Streams allein f\u00fcr das letzte Album freut sich eine eingeschworene Fanbase bereits auf dieses n\u00e4chste Projekt der beiden Masterminds der \u201ekonzertanten Clubmusik\u201c!<\/p>\",\r\n      \"align\": \"top\",\r\n      \"row\": 1,\r\n      \"col\": 1,\r\n      \"colspan\": 10,\r\n      \"offsetx\": 0,\r\n      \"offsety\": 0,\r\n      \"spaceabove\": 0,\r\n      \"spacebelow\": 0,\r\n      \"yvel\": 1,\r\n      \"push\": 1,\r\n      \"relid\": 38,\r\n      \"absolute_position\": false,\r\n      \"frameOverflow\": \"\"\r\n    },\r\n    {\r\n      \"type\": \"text\",\r\n      \"cont\": \"<p>THE OHOHOHS Kontakt:<\/p><p>Management: Florian Dre\u00dfler<\/p><p>Mail: fd@theohohohs.de<\/p><p>Telefon: +49 (0) 176 24257906<\/p><p>Booking: <a href=\\\"mailto:booking@theohohohs.de\\\">booking@theohohohs.de<\/a><\/p>\",\r\n      \"align\": \"top\",\r\n      \"row\": 2,\r\n      \"col\": 1,\r\n      \"colspan\": 10,\r\n      \"offsetx\": 0,\r\n      \"offsety\": 0,\r\n      \"spaceabove\": 0,\r\n      \"spacebelow\": 0,\r\n      \"yvel\": 1,\r\n      \"push\": 1,\r\n      \"relid\": 17,\r\n      \"absolute_position\": false,\r\n      \"frameOverflow\": \"\"\r\n    },\r\n    {\r\n      \"type\": \"text\",\r\n      \"cont\": \"<h1 class=\\\"_Menu\\\"><strong>Zum Album:<br \/><\/strong><\/h1><p><a href=\\\"https:\/\/www.theohohohs.de\/de\/corona-sinfonie-album\/\\\" data-id=\\\"0\\\">https:\/\/www.theohohohs.de\/de\/corona-sinfonie-album\/<\/a><\/p>\",\r\n      \"align\": \"top\",\r\n      \"row\": 3,\r\n      \"col\": 1,\r\n      \"colspan\": 10,\r\n      \"offsetx\": 0,\r\n      \"offsety\": 0,\r\n      \"spaceabove\": 0,\r\n      \"spacebelow\": 0,\r\n      \"yvel\": 1,\r\n      \"push\": 1,\r\n      \"relid\": 2580,\r\n      \"absolute_position\": false,\r\n      \"frameOverflow\": \"\"\r\n    },\r\n    {\r\n      \"type\": \"text\",\r\n      \"cont\": \"<h1 class=\\\"_Menu\\\">Presseordner (Download):<\/h1><p><a rel=\\\"noopener\\\" href=\\\"https:\/\/www.theohohohs.de\/wp-content\/uploads\/2024\/02\/Presseordner_2.Satz_Sinfonie_Nr.1.zip\\\" target=\\\"_blank\\\">https:\/\/www.theohohohs.de\/wp-content\/uploads\/2024\/02\/Presseordner_2.Satz_Sinfonie_Nr.1.zip<\/a><\/p>\",\r\n      \"align\": \"top\",\r\n      \"row\": 4,\r\n      \"col\": 1,\r\n      \"colspan\": 10,\r\n      \"offsetx\": 0,\r\n      \"offsety\": 0,\r\n      \"spaceabove\": 0,\r\n      \"spacebelow\": 0,\r\n      \"yvel\": 1,\r\n      \"push\": 1,\r\n      \"relid\": 641,\r\n      \"absolute_position\": false,\r\n      \"frameOverflow\": \"\"\r\n    },\r\n    {\r\n      \"type\": \"text\",\r\n      \"cont\": \"<h1 class=\\\"_Menu\\\">Presseordner (Download):<\/h1><p><a rel=\\\"noopener\\\" href=\\\"https:\/\/www.theohohohs.de\/wp-content\/uploads\/2024\/02\/Presseordner_2.Satz_Sinfonie_Nr.1.zip\\\" target=\\\"_blank\\\">https:\/\/www.theohohohs.de\/wp-content\/uploads\/2024\/02\/Presseordner_2.Satz_Sinfonie_Nr.1.zip<\/a><\/p>\",\r\n      \"align\": \"top\",\r\n      \"row\": 5,\r\n      \"col\": 1,\r\n      \"colspan\": 10,\r\n      \"offsetx\": 0,\r\n      \"offsety\": 0,\r\n      \"spaceabove\": 0,\r\n      \"spacebelow\": 0,\r\n      \"yvel\": 1,\r\n      \"push\": 1,\r\n      \"relid\": 5,\r\n      \"absolute_position\": false,\r\n      \"frameOverflow\": \"\"\r\n    }\r\n  ]\r\n}","phonegrid":"{\r\n  \"colCount\": 1,\r\n  \"colGutter\": 1,\r\n  \"rowGutters\": [\r\n    5,\r\n    5,\r\n    5,\r\n    5,\r\n    5\r\n  ],\r\n  \"frameMargin\": 5,\r\n  \"leftFrameMargin\": 5,\r\n  \"rightFrameMargin\": 5,\r\n  \"topFrameMargin\": 5,\r\n  \"bottomFrameMargin\": 5,\r\n  \"rowAttrs\": [\r\n    {\r\n      \"relid\": 6\r\n    },\r\n    {\r\n      \"relid\": 7\r\n    },\r\n    {\r\n      \"relid\": 8\r\n    },\r\n    {\r\n      \"relid\": 9\r\n    },\r\n    {\r\n      \"relid\": 10\r\n    },\r\n    {\r\n      \"relid\": 11\r\n    }\r\n  ],\r\n  \"bgColor\": null,\r\n  \"bgImage\": null,\r\n  \"cont\": [\r\n    {\r\n      \"type\": \"img\",\r\n      \"cont\": \"\/wp-content\/uploads\/2024\/02\/OHS_TheOhOhOhs-Pandemia_transparent.png\",\r\n      \"align\": \"bottom\",\r\n      \"row\": 0,\r\n      \"col\": 0,\r\n      \"colspan\": 1,\r\n      \"offsetx\": 0,\r\n      \"offsety\": 0,\r\n      \"spaceabove\": 0,\r\n      \"spacebelow\": 0,\r\n      \"yvel\": 1,\r\n      \"push\": 0,\r\n      \"relid\": 415,\r\n      \"attid\": 619,\r\n      \"sizes\": {\r\n        \"full\": \"\/wp-content\/uploads\/2024\/02\/OHS_TheOhOhOhs-Pandemia_transparent.png\",\r\n        \"_512\": \"\/wp-content\/uploads\/2024\/02\/OHS_TheOhOhOhs-Pandemia_transparent-512x512.png\",\r\n        \"_265\": \"\/wp-content\/uploads\/2024\/02\/OHS_TheOhOhOhs-Pandemia_transparent-265x265.png\"\r\n      },\r\n      \"w\": 567,\r\n      \"h\": 567,\r\n      \"ar\": 1,\r\n      \"alt\": \"\",\r\n      \"absolute_position\": false\r\n    },\r\n    {\r\n      \"type\": \"text\",\r\n      \"cont\": \"<h1 class=\\\"_Menu\\\"><strong>Sinfonie Nr.1 - \\\"Corona-Sinfonie\\\" PR-Text<br \/><\/strong><\/h1><p>\\\"So stelle ich mir den Besuch eines klassischen Konzerts vor 200 Jahren vor; ich wei\u00df nicht, was mich erwartet und werde von neuer, noch nie geh\u00f6rter Musik \u00fcberrascht.\\\" - so beschrieb Tamar Halperin das Klassik-Techno-Crossover des Duos THE OHOHOHs.<\/p><p>Und auch die Frankfurter Neue Presse l\u00e4sst das Lob nicht zu kurz kommen: \u00bbGrenzg\u00e4nger zwischen E- und U-Musik: The OhOhOhs erfinden konzertante Clubmusik.\u00ab<\/p><p>THE OHOHOHS - Wir geben der Klassik einen Beat!<\/p><p>Klassik geh\u00f6rt in den Konzertsaal, Clubmusik in die Discos, das eine ist Hochkultur, das andere bedient Instinkte -Mit dieser Vorstellung wollen die beiden gr\u00fcndlich aufr\u00e4umen: THE OHOHOHS machen Beethoven tanzbar, mischen Club-Banger mit Concerto und lassen den Konzertsaal zum Club und den Club zum Konzertsaal mutieren.<\/p><p>Vom Techno kommend, sind der Pianist Florian W\u00e4ldele und der Perkussionist Florian Dre\u00dfler den nicht gerade einfachen Weg gegangen, ihre elektronische Musik auf ein analoges Instrumentarium zu \u00fcbertragen und mit klassischer Musik zu verbinden: Die Konzertante Clubmusik war geboren!<\/p><p>In der anhaltenden \u201eKlassik-Krise\u201c der letzten Jahrzehnte soll der wunderbaren Musik der alten Meister ihr popul\u00e4rer Charakter wiedergeben werden, ohne sie dabei zu banalisieren - und das funktioniert: Bei dieser Musik wird der Bauch ebenso angesprochen wie der Kopf! Ihre Bearbeitung von Beethovens \u201eMondscheinsonate\u201c im \u201eTempo di Techno\u201c brachte sie damit bis ins ARD-Morgenmagazin.\u00a0<\/p><p>THE OHOHOHS spielen von Clubs bis zu Techno-Festivals wie der \u201eFusion\u201c oder auch auf Kunst -Festivals wie den \u201eKunstfestspielen Herrenhausen\u201c. Das letzte Highlight war die ausverkaufte Katharinenkirche in Frankfurt mit dem Orchesterprojekt: THE OHOHOHS \u2013 Symphonic und der Premiere der \u201eSinfonie Nr.1 \u2013 Corona Sinfonie\u201c - der weltweit ersten Sinfonie mit Clubbeats und Synthesizern!<\/p><p>Mit Orchester sind die beiden im Herbst 2024 auf Tour - begleitend zum Release der Sinfonie (Start V\u00d6 Singles-Online 23.02.24, Vinyl V\u00d6 26.04.2024).<\/p><p>Mit insgesamt \u00fcber 8.000 Follower:innen und fast 50.000 Spotify-Streams allein f\u00fcr das letzte Album freut sich eine eingeschworene Fanbase bereits auf dieses n\u00e4chste Projekt der beiden Masterminds der \u201ekonzertanten Clubmusik\u201c!<\/p>\",\r\n      \"align\": \"bottom\",\r\n      \"row\": 1,\r\n      \"col\": 0,\r\n      \"colspan\": 1,\r\n      \"offsetx\": 0,\r\n      \"offsety\": 0,\r\n      \"spaceabove\": 0,\r\n      \"spacebelow\": 0,\r\n      \"yvel\": 1,\r\n      \"push\": 0,\r\n      \"relid\": 38,\r\n      \"absolute_position\": false,\r\n      \"frameOverflow\": \"\"\r\n    },\r\n    {\r\n      \"type\": \"text\",\r\n      \"cont\": \"<p>THE OHOHOHS Kontakt:<\/p><p>Management: Florian Dre\u00dfler<\/p><p>Mail: fd@theohohohs.de<\/p><p>Telefon: +49 (0) 176 24257906<\/p><p>Booking: <a href=\\\"mailto:booking@theohohohs.de\\\">booking@theohohohs.de<\/a><\/p>\",\r\n      \"align\": \"bottom\",\r\n      \"row\": 2,\r\n      \"col\": 0,\r\n      \"colspan\": 1,\r\n      \"offsetx\": 0,\r\n      \"offsety\": 0,\r\n      \"spaceabove\": 0,\r\n      \"spacebelow\": 0,\r\n      \"yvel\": 1,\r\n      \"push\": 0,\r\n      \"relid\": 17,\r\n      \"absolute_position\": false,\r\n      \"frameOverflow\": \"\"\r\n    },\r\n    {\r\n      \"type\": \"text\",\r\n      \"cont\": \"<h1 class=\\\"_Menu\\\"><strong>Zum Album:<br \/><\/strong><\/h1><p><a href=\\\"https:\/\/www.theohohohs.de\/de\/corona-sinfonie-album\/\\\" data-id=\\\"0\\\">https:\/\/www.theohohohs.de\/de\/corona-sinfonie-album\/<\/a><\/p>\",\r\n      \"align\": \"bottom\",\r\n      \"row\": 3,\r\n      \"col\": 0,\r\n      \"colspan\": 1,\r\n      \"offsetx\": 0,\r\n      \"offsety\": 0,\r\n      \"spaceabove\": 0,\r\n      \"spacebelow\": 0,\r\n      \"yvel\": 1,\r\n      \"push\": 0,\r\n      \"relid\": 2580,\r\n      \"absolute_position\": false,\r\n      \"frameOverflow\": \"\"\r\n    },\r\n    {\r\n      \"type\": \"text\",\r\n      \"cont\": \"<h1 class=\\\"_Menu\\\">Presseordner (Download):<\/h1><p><a rel=\\\"noopener\\\" href=\\\"https:\/\/www.theohohohs.de\/wp-content\/uploads\/2024\/02\/Presseordner_2.Satz_Sinfonie_Nr.1.zip\\\" target=\\\"_blank\\\">https:\/\/www.theohohohs.de\/wp-content\/uploads\/2024\/02\/Presseordner_2.Satz_Sinfonie_Nr.1.zip<\/a><\/p>\",\r\n      \"align\": \"bottom\",\r\n      \"row\": 4,\r\n      \"col\": 0,\r\n      \"colspan\": 1,\r\n      \"offsetx\": 0,\r\n      \"offsety\": 0,\r\n      \"spaceabove\": 0,\r\n      \"spacebelow\": 0,\r\n      \"yvel\": 1,\r\n      \"push\": 0,\r\n      \"relid\": 641,\r\n      \"absolute_position\": false,\r\n      \"frameOverflow\": \"\"\r\n    },\r\n    {\r\n      \"type\": \"text\",\r\n      \"cont\": \"<h1 class=\\\"_Menu\\\">Presseordner (Download):<\/h1><p><a rel=\\\"noopener\\\" href=\\\"https:\/\/www.theohohohs.de\/wp-content\/uploads\/2024\/02\/Presseordner_2.Satz_Sinfonie_Nr.1.zip\\\" target=\\\"_blank\\\">https:\/\/www.theohohohs.de\/wp-content\/uploads\/2024\/02\/Presseordner_2.Satz_Sinfonie_Nr.1.zip<\/a><\/p>\",\r\n      \"align\": \"bottom\",\r\n      \"row\": 5,\r\n      \"col\": 0,\r\n      \"colspan\": 1,\r\n      \"offsetx\": 0,\r\n      \"offsety\": 0,\r\n      \"spaceabove\": 0,\r\n      \"spacebelow\": 0,\r\n      \"yvel\": 1,\r\n      \"push\": 0,\r\n      \"relid\": 5,\r\n      \"absolute_position\": false,\r\n      \"frameOverflow\": \"\"\r\n    }\r\n  ]\r\n}","_links":{"self":[{"href":"https:\/\/www.theohohohs.de\/de\/wp-json\/wp\/v2\/pages\/618","targetHints":{"allow":["GET"]}}],"collection":[{"href":"https:\/\/www.theohohohs.de\/de\/wp-json\/wp\/v2\/pages"}],"about":[{"href":"https:\/\/www.theohohohs.de\/de\/wp-json\/wp\/v2\/types\/page"}],"author":[{"embeddable":true,"href":"https:\/\/www.theohohohs.de\/de\/wp-json\/wp\/v2\/users\/2"}],"replies":[{"embeddable":true,"href":"https:\/\/www.theohohohs.de\/de\/wp-json\/wp\/v2\/comments?post=618"}],"version-history":[{"count":0,"href":"https:\/\/www.theohohohs.de\/de\/wp-json\/wp\/v2\/pages\/618\/revisions"}],"wp:attachment":[{"href":"https:\/\/www.theohohohs.de\/de\/wp-json\/wp\/v2\/media?parent=618"}],"curies":[{"name":"wp","href":"https:\/\/api.w.org\/{rel}","templated":true}]}}