{"id":206,"date":"2020-12-08T14:50:06","date_gmt":"2020-12-08T14:50:06","guid":{"rendered":"http:\/\/test.lenzgeiger.com\/?page_id=206"},"modified":"2020-12-08T15:05:41","modified_gmt":"2020-12-08T15:05:41","slug":"press","status":"publish","type":"page","link":"https:\/\/www.theohohohs.de\/de\/press\/","title":{"rendered":"Press"},"content":{"rendered":"","protected":false},"excerpt":{"rendered":"","protected":false},"author":1,"featured_media":0,"parent":0,"menu_order":24,"comment_status":"closed","ping_status":"closed","template":"","meta":[],"class_list":["post-206","page","type-page","status-publish","hentry"],"grid":"{\r\n  \"colCount\": 12,\r\n  \"colGutter\": 1,\r\n  \"rowGutters\": [\r\n    5,\r\n    5,\r\n    5,\r\n    5,\r\n    5,\r\n    5,\r\n    5,\r\n    5,\r\n    5\r\n  ],\r\n  \"frameMargin\": 5,\r\n  \"topFrameMargin\": 7,\r\n  \"bottomFrameMargin\": 5,\r\n  \"rowAttrs\": [\r\n    {},\r\n    {},\r\n    {},\r\n    {},\r\n    {},\r\n    {},\r\n    {},\r\n    {},\r\n    {},\r\n    {}\r\n  ],\r\n  \"bgColor\": null,\r\n  \"cont\": [\r\n    {\r\n      \"type\": \"text\",\r\n      \"cont\": \"<h1 class=\\\"_Menu\\\"><strong>\u00bbGrenzg\u00e4nger zwischen E- und U-Musik: <br \/><\/strong><strong>The OhOhOhs erfinden konzertante Clubmusik.\u00ab<\/strong><\/h1><p>Frankfurter Neue Presse<\/p>\",\r\n      \"align\": \"top\",\r\n      \"row\": 0,\r\n      \"col\": 2,\r\n      \"colspan\": 6,\r\n      \"offsetx\": 0,\r\n      \"offsety\": 0,\r\n      \"spaceabove\": 0,\r\n      \"spacebelow\": 0,\r\n      \"yvel\": 1,\r\n      \"push\": 2,\r\n      \"relid\": 4\r\n    },\r\n    {\r\n      \"type\": \"text\",\r\n      \"cont\": \"<h1 class=\\\"_Menu\\\"><strong>\u00bbSagen wir \u203aOh!\u2039, denn mit ihren vier H\u00e4nden erzeugen der Pianist Florian W\u00e4ldele und der Schlagzeuger Florian Dre\u00dfler eine beachtliche, quasi orchestrale F\u00fclle.\u00ab<\/strong><\/h1><p>(Stereoplay)<\/p>\",\r\n      \"align\": \"top\",\r\n      \"row\": 1,\r\n      \"col\": 2,\r\n      \"colspan\": 6,\r\n      \"offsetx\": 0,\r\n      \"offsety\": 0,\r\n      \"spaceabove\": 0,\r\n      \"spacebelow\": 0,\r\n      \"yvel\": 1,\r\n      \"push\": 2,\r\n      \"relid\": 5\r\n    },\r\n    {\r\n      \"type\": \"text\",\r\n      \"cont\": \"<h1 class=\\\"_Menu\\\"><strong>\u00bbRoll Over Beethoven? Das Techno-Duo The OhOhOhs hat keine Scheu vor dem gro\u00dfen Komponisten!!\u00ab<\/strong><\/h1><p>Frankfurter Allgemeine Zeitung<\/p>\",\r\n      \"align\": \"middle\",\r\n      \"row\": 2,\r\n      \"col\": 2,\r\n      \"colspan\": 6,\r\n      \"offsetx\": 0,\r\n      \"offsety\": 0,\r\n      \"spaceabove\": 0,\r\n      \"spacebelow\": 0,\r\n      \"yvel\": 1,\r\n      \"push\": 2,\r\n      \"relid\": 6\r\n    },\r\n    {\r\n      \"type\": \"text\",\r\n      \"cont\": \"<h1 class=\\\"_Menu\\\"><strong>\u00bbDer heikle Spagat zwischen U- und E-Musik gelingt spielend.\u00ab<\/strong><\/h1><p>Jazzthetik<\/p>\",\r\n      \"align\": \"middle\",\r\n      \"row\": 3,\r\n      \"col\": 6,\r\n      \"colspan\": 4,\r\n      \"offsetx\": 0,\r\n      \"offsety\": 0,\r\n      \"spaceabove\": 0,\r\n      \"spacebelow\": 0,\r\n      \"yvel\": 1,\r\n      \"push\": 6,\r\n      \"relid\": 7\r\n    },\r\n    {\r\n      \"type\": \"text\",\r\n      \"cont\": \"<h1 class=\\\"_Menu\\\"><strong>\u00bbThe OhOhOhs sind das wohl vielseitigste und abgefahrenste vielh\u00e4ndige Duo, das ich kenne.\u00ab<\/strong><\/h1><p>Gregor Praml, Hessischen Rundfunk<\/p>\",\r\n      \"align\": \"top\",\r\n      \"row\": 4,\r\n      \"col\": 6,\r\n      \"colspan\": 4,\r\n      \"offsetx\": 0,\r\n      \"offsety\": 0,\r\n      \"spaceabove\": 0,\r\n      \"spacebelow\": 0,\r\n      \"yvel\": 1,\r\n      \"push\": 6,\r\n      \"relid\": 8\r\n    },\r\n    {\r\n      \"type\": \"text\",\r\n      \"cont\": \"<h1 class=\\\"_Menu\\\"><strong>\u00bbHandwerklich exzellent gearbeitete und dazu tanzbare, weil Groove grundierte Musik, wie man sie so noch nicht geh\u00f6rt hat.\u00ab<\/strong><\/h1><p>JazzPodium<\/p>\",\r\n      \"align\": \"middle\",\r\n      \"row\": 5,\r\n      \"col\": 1,\r\n      \"colspan\": 5,\r\n      \"offsetx\": 0,\r\n      \"offsety\": 0,\r\n      \"spaceabove\": 0,\r\n      \"spacebelow\": 0,\r\n      \"yvel\": 1,\r\n      \"push\": 1,\r\n      \"relid\": 9\r\n    },\r\n    {\r\n      \"type\": \"text\",\r\n      \"cont\": \"<h1 class=\\\"_Menu\\\"><strong>\u00bbBesonders euphorisch wird das Piano-Schlagzeug-Duo \u203aThe OhOhOh\u2019s\u2039 gefeiert. Hier bekommt die \u203aMondscheinsonate\u2039 so richtig Bumms. Die Beiden haben die Rhythmik furios in Richtung Techno interpretiert. Bei ihnen erf\u00e4hrt der Name des Tondichters eine Umwandlung zu Ludwig Fun Beathoven.\u00ab<\/strong><\/h1><p>FNP<\/p>\",\r\n      \"align\": \"middle\",\r\n      \"row\": 6,\r\n      \"col\": 6,\r\n      \"colspan\": 6,\r\n      \"offsetx\": 0,\r\n      \"offsety\": 0,\r\n      \"spaceabove\": 0,\r\n      \"spacebelow\": 0,\r\n      \"yvel\": 1,\r\n      \"push\": 6,\r\n      \"relid\": 10\r\n    },\r\n    {\r\n      \"type\": \"text\",\r\n      \"cont\": \"<h1 class=\\\"_Menu\\\"><strong>\u00bbThe OhOhOhs sind keine Kopfgeburt, kein am Rei\u00dfbrett entworfenes Konzept, sondern ein nat\u00fcrlich gewachsener Hybrid von K\u00fcnstlern, denen die Trennung von E- und U-Musik als hierarchische Denkweise seit jeher suspekt war.\u00ab<\/strong><\/h1><p>Journal Frankfurt<\/p>\",\r\n      \"align\": \"top\",\r\n      \"row\": 7,\r\n      \"col\": 6,\r\n      \"colspan\": 6,\r\n      \"offsetx\": 0,\r\n      \"offsety\": 0,\r\n      \"spaceabove\": 0,\r\n      \"spacebelow\": 0,\r\n      \"yvel\": 1,\r\n      \"push\": 6,\r\n      \"relid\": 11,\r\n      \"frameOverflow\": \"\"\r\n    },\r\n    {\r\n      \"type\": \"text\",\r\n      \"cont\": \"<h1 class=\\\"_Menu\\\"><strong>\u00bb(Es) kamen solche St\u00fccke oder Passagen zu ihrem Recht, die mal vom Einfluss eines Philip Glass, mal von der mathematisch-verspielten Liebe zum Barock in Italien und anderswo zeugten. Auf Improvisationsgrundlage ist alles m\u00f6glich. Florian Dre\u00dfler, tat am Schlagzeug und auf den Congas das Seine, selbst h\u00f6fischen Klangstr\u00f6men afrikanische Beat-Ger\u00fcste zu implantieren, was die Tastenvirtuosit\u00e4t von Florian W\u00e4ldele gerade so m\u00e4chtig verrumpelte, wie es die klangliche Summe der Club- und Partymusik zutrieb. So etwas nennt man kreative Aneignung. Sie ist kein Frevel, sondern zollt Tribut und h\u00e4lt am Leben.\u00ab<\/strong><\/h1><p>Frankfurter Rundschau<\/p>\",\r\n      \"align\": \"top\",\r\n      \"row\": 8,\r\n      \"col\": 1,\r\n      \"colspan\": 7,\r\n      \"offsetx\": 0,\r\n      \"offsety\": 0,\r\n      \"spaceabove\": 0,\r\n      \"spacebelow\": 0,\r\n      \"yvel\": 1,\r\n      \"push\": 1,\r\n      \"relid\": 12,\r\n      \"frameOverflow\": \"\"\r\n    },\r\n    {\r\n      \"type\": \"text\",\r\n      \"cont\": \"<h1 class=\\\"_Menu\\\"><strong>\u00bbAnfang des Jahrhunderts haben die zwei Freunde aus Frankfurt ihr kammer-musikalisches Projekt The OhOhOhs gegr\u00fcndet, in dem sie die virtuosen Drums vom einen Flo (Dre\u00dfler) mit den meisterhaften Keyboards des anderen Flo (W\u00e4ldele) zum elekroanalogen Pl\u00fcschbartechno verr\u00fchrt haben, der die Clubs zum Kochen bringt. Ende 2014 dann wollten der examinierte Pianist und der autodidaktisch geschulte Schlagzeuger zur\u00fcck zu den Wurzeln ihrer gegens\u00e4tzlichen Instrumente und hoben das Konzept einer \u203akonzertanten Clubmusik\u2039 aus der Taufe. Gleiche Besetzung, \u00e4hnlicher Sound, nur eben etwas anders dargereicht: Ohne Synths &amp; Samples n\u00e4herte sich das Duo fortan sp\u00fcrbar der traditionellen Klassik an und fusionierte die mitunter vertrackten Klavierarrangements durchs variable Tempo vielschichtiger Drums zu einer neuen Form von Jazz bis Big Beat. Sie b\u00fcndeln ihre unsterbliche Liebe zur Musik in einer eklektischen Innbrunst, die man live erlebt haben sollte, aber nicht muss, um zu f\u00fchlen, wie dabei Hingabe und Schwei\u00df aus jeder Note tropft. Jetzt schalten die zwei perfektionistischen Improvisationsgenies einen Gang hoch und verbinden mit ihrem Ansatz Generationen, Schichten und Subkulturen. Jetzt k\u00f6nnen endlich auch all die verschiedenen Peergroups zusammenkommen und Konventionen eben Konventionen sein lassen, wenn Piano mit Keyboards, Percussion mit Drums, Klassik mit Elektrobeats, Virtuosit\u00e4t mit Spielfreude und schwerer Spa\u00df mit leichtem Ernst verschmilzt. In der sch\u00f6nsten Fusion des Jahres, ach \u2013 aller Zeiten.\u00ab<\/strong><\/h1><p>Jan Freitag (u.a. Zeit, taz)<\/p>\",\r\n      \"align\": \"top\",\r\n      \"row\": 9,\r\n      \"col\": 3,\r\n      \"colspan\": 7,\r\n      \"offsetx\": 0,\r\n      \"offsety\": 0,\r\n      \"spaceabove\": 0,\r\n      \"spacebelow\": 0,\r\n      \"yvel\": 1,\r\n      \"push\": 3,\r\n      \"relid\": 13,\r\n      \"frameOverflow\": \"\"\r\n    }\r\n  ]\r\n}","phonegrid":"","_links":{"self":[{"href":"https:\/\/www.theohohohs.de\/de\/wp-json\/wp\/v2\/pages\/206","targetHints":{"allow":["GET"]}}],"collection":[{"href":"https:\/\/www.theohohohs.de\/de\/wp-json\/wp\/v2\/pages"}],"about":[{"href":"https:\/\/www.theohohohs.de\/de\/wp-json\/wp\/v2\/types\/page"}],"author":[{"embeddable":true,"href":"https:\/\/www.theohohohs.de\/de\/wp-json\/wp\/v2\/users\/1"}],"replies":[{"embeddable":true,"href":"https:\/\/www.theohohohs.de\/de\/wp-json\/wp\/v2\/comments?post=206"}],"version-history":[{"count":0,"href":"https:\/\/www.theohohohs.de\/de\/wp-json\/wp\/v2\/pages\/206\/revisions"}],"wp:attachment":[{"href":"https:\/\/www.theohohohs.de\/de\/wp-json\/wp\/v2\/media?parent=206"}],"curies":[{"name":"wp","href":"https:\/\/api.w.org\/{rel}","templated":true}]}}